{"id":9,"date":"2026-04-24T14:46:49","date_gmt":"2026-04-24T14:46:49","guid":{"rendered":"https:\/\/dedicat-imm.ro\/?page_id=9"},"modified":"2026-04-24T15:29:32","modified_gmt":"2026-04-24T15:29:32","slug":"acasa","status":"publish","type":"page","link":"https:\/\/dedicat-imm.ro\/","title":{"rendered":"Acas\u0103"},"content":{"rendered":"<div class=\"et_pb_section_0 et_pb_section et_section_specialty et_pb_equal_columns et_pb_gutters3 et_block_section\"><div class=\"et_pb_row et_block_row\">\n<div class=\"et_pb_column_0 et_pb_column et_pb_column_single et_pb_column_1_2 et_block_column et_pb_css_mix_blend_mode_passthrough preset--module--divi-column--73121f80-a3ef-4484-8763-c3f18e3c56d2\">\n<div class=\"et_pb_divider_0 et_pb_divider_hidden et_pb_space et_pb_divider_position_top et_pb_module preset--module--divi-divider--default\"><div class=\"et_pb_divider_internal\"><\/div><\/div>\n<\/div>\n\n<div class=\"et_pb_column_1 et_pb_column et_pb_specialty_column et_pb_column_1_2 et-last-child et_block_column et_pb_css_mix_blend_mode_passthrough\">\n<div class=\"et_pb_row_inner_0 et_pb_row_inner et_block_row\">\n<div class=\"et_pb_column_inner_0 et_pb_column_inner et_pb_column et_pb_column_4_4 et-last-child et_block_column et_pb_css_mix_blend_mode_passthrough preset--module--divi-column-inner--73121f80-a3ef-4484-8763-c3f18e3c56d2\">\n<div class=\"et_pb_heading_0 et_pb_heading et_pb_module et_block_module preset--module--divi-heading--f0c675ea-2574-4d0e-b725-30f8550a8550\"><div class=\"et_pb_heading_container\"><h4 class=\"et_pb_module_header\">Conect\u0103m Expertiza cu Nevoile Tale<\/h4><\/div><\/div>\n\n<div class=\"et_pb_heading_1 et_pb_heading et_pb_module et_block_module preset--module--divi-heading--ddeb8c09-9078-4424-bc15-2efb6572e28e\"><div class=\"et_pb_heading_container\"><h1 class=\"et_pb_module_header\">Dedicat-IMM.ro: Partenerul T\u0103u de \u00cencredere<\/h1><\/div><\/div>\n\n<div class=\"et_pb_text_0 et_pb_text et_pb_bg_layout_light et_pb_module et_block_module preset--module--divi-text--default\"><div class=\"et_pb_text_inner\"><p>Descoper\u0103 cum Dedicat-IMM.ro faciliteaz\u0103 colaborarea dintre exper\u021bi \u0219i organiza\u021bii pentru a promova bunele practici \u00een afaceri.<\/p>\n<\/div><\/div>\n\n<div class=\"et_pb_module et_pb_button_module_wrapper et_pb_button_0_wrapper preset--module--divi-button--default_wrapper\"><a class=\"et_pb_button_0 et_pb_button et_pb_bg_layout_light et_pb_module et_block_module preset--module--divi-button--default\" href=\"\">Afl\u0103 Mai Multe<\/a><\/div>\n<\/div>\n<\/div>\n<\/div>\n<\/div><\/div>\n\n<div class=\"et_pb_section_1 et_pb_section et_section_regular et_flex_section\">\n<div class=\"et_pb_row_0 et_pb_row et_flex_row\">\n<div class=\"et_pb_column_2 et_pb_column et-last-child et_flex_column et_pb_css_mix_blend_mode_passthrough et_flex_column_24_24 et_flex_column_24_24_tablet et_flex_column_24_24_phone\">\n<div class=\"et_pb_text_1 et_pb_text et_pb_bg_layout_light et_pb_module et_flex_module preset--module--divi-text--default\"><div class=\"et_pb_text_inner\"><blockquote>\n<h2><strong>Dedicat-IMM.ro este un portal dedicat sprijinirii antreprenorilor \u0219i IMM-urilor, oferind acces la resurse valoroase \u0219i expertiz\u0103 de \u00eencredere.<\/strong><\/h2>\n<\/blockquote>\n<\/div><\/div>\n<\/div>\n<\/div>\n<\/div>\n\n<div class=\"et_pb_section_2 et_pb_section et_section_regular et_block_section\">\n<div class=\"et_pb_row_1 et_pb_row et_block_row preset--module--divi-row--5138c454-be54-4233-bd3b-f8e6a8747976\">\n<div class=\"et_pb_column_3 et_pb_column et_pb_column_2_3 et_block_column et_pb_css_mix_blend_mode_passthrough preset--module--divi-column--73121f80-a3ef-4484-8763-c3f18e3c56d2\">\n<div class=\"et_pb_blurb_0 et_pb_blurb et_pb_bg_layout_light et_pb_text_align_left et_pb_blurb_position_left et_pb_module et_block_module preset--module--divi-blurb--ca79a742-981f-479f-a8a2-3a0292efaff0\"><div class=\"et_pb_blurb_content\"><div class=\"et_pb_main_blurb_image\"><span class=\"et_pb_image_wrap\"><span class=\"et-pb-icon et_animated et_animated\">\uf061<\/span><\/span><\/div><div class=\"et_pb_blurb_container\"><h4 class=\"et_pb_module_header\">Al\u0103tura\u021bi-v\u0103 Dedicat-IMM.ro!<\/h4><div class=\"et_pb_blurb_description\"><p>Descoperi\u021bi cum Dedicat-IMM.ro poate transforma afacerea dumneavoastr\u0103 prin conectarea cu exper\u021bi de top. Solicita\u021bi mai multe informa\u021bii \u0219i \u00eencepe\u021bi s\u0103 colabora\u021bi cu profesioni\u0219ti dedica\u021bi bunelor practici in afaceri.<\/p>\n<\/div><\/div><\/div><\/div>\n<\/div>\n\n<div class=\"et_pb_column_4 et_pb_column et_pb_column_1_3 et-last-child et_block_column et_pb_css_mix_blend_mode_passthrough preset--module--divi-column--73121f80-a3ef-4484-8763-c3f18e3c56d2\">\n<div class=\"et_pb_module et_pb_button_module_wrapper et_pb_button_1_wrapper preset--module--divi-button--ab15fb74-61a3-43aa-96b3-41e09aeef654_wrapper\"><a class=\"et_pb_button_1 et_pb_button et_pb_bg_layout_light et_pb_module et_block_module preset--module--divi-button--ab15fb74-61a3-43aa-96b3-41e09aeef654\" href=\"\">Solicit\u0103 Informa\u021bii<\/a><\/div>\n<\/div>\n<\/div>\n\n<div class=\"et_pb_row_2 et_pb_row et_flex_row\">\n<div class=\"et_pb_column_5 et_pb_column et_flex_column et_pb_css_mix_blend_mode_passthrough et_flex_column_24_24 et_flex_column_24_24_tablet et_flex_column_24_24_phone\">\n<div class=\"et_pb_image_0 et_pb_image et_pb_module et_flex_module preset--module--divi-image--default\"><span class=\"et_pb_image_wrap\"><img loading=\"lazy\" decoding=\"async\" src=\"https:\/\/dedicat-imm.ro\/wp-content\/uploads\/2026\/04\/new-portrait-6-800x800-1-3-800x800.jpg\" title=\"new-portrait-6-800x800-1-3-800x800\" width=\"800\" height=\"800\" srcset=\"https:\/\/dedicat-imm.ro\/wp-content\/uploads\/2026\/04\/new-portrait-6-800x800-1-3-800x800.jpg 800w, https:\/\/dedicat-imm.ro\/wp-content\/uploads\/2026\/04\/new-portrait-6-800x800-1-3-800x800-480x480.jpg 480w\" sizes=\"(min-width: 0px) and (max-width: 480px) 480px, (min-width: 481px) 800px, 100vw\" class=\"wp-image-86\" \/><\/span><\/div>\n<\/div>\n\n<div class=\"et_pb_column_6 et_pb_column et_flex_column et_pb_css_mix_blend_mode_passthrough et_flex_column_24_24 et_flex_column_24_24_tablet et_flex_column_24_24_phone\">\n<div class=\"et_pb_image_1 et_pb_image et_pb_module et_flex_module preset--module--divi-image--default\"><span class=\"et_pb_image_wrap\"><img loading=\"lazy\" decoding=\"async\" src=\"https:\/\/dedicat-imm.ro\/wp-content\/uploads\/2026\/04\/new-portrait-1-800x800-1-2-800x800.jpg\" title=\"new-portrait-1-800x800-1-2-800x800\" width=\"800\" height=\"800\" srcset=\"https:\/\/dedicat-imm.ro\/wp-content\/uploads\/2026\/04\/new-portrait-1-800x800-1-2-800x800.jpg 800w, https:\/\/dedicat-imm.ro\/wp-content\/uploads\/2026\/04\/new-portrait-1-800x800-1-2-800x800-480x480.jpg 480w\" sizes=\"(min-width: 0px) and (max-width: 480px) 480px, (min-width: 481px) 800px, 100vw\" class=\"wp-image-96\" \/><\/span><\/div>\n<\/div>\n\n<div class=\"et_pb_column_7 et_pb_column et-last-child et_flex_column et_pb_css_mix_blend_mode_passthrough et_flex_column_24_24 et_flex_column_24_24_tablet et_flex_column_24_24_phone\">\n<div class=\"et_pb_image_2 et_pb_image et_pb_module et_flex_module preset--module--divi-image--default\"><span class=\"et_pb_image_wrap\"><img loading=\"lazy\" decoding=\"async\" src=\"https:\/\/dedicat-imm.ro\/wp-content\/uploads\/2026\/04\/new-portrait-11-800x800-1-800x800.jpg\" title=\"new-portrait-11-800x800-1-800x800\" width=\"800\" height=\"800\" srcset=\"https:\/\/dedicat-imm.ro\/wp-content\/uploads\/2026\/04\/new-portrait-11-800x800-1-800x800.jpg 800w, https:\/\/dedicat-imm.ro\/wp-content\/uploads\/2026\/04\/new-portrait-11-800x800-1-800x800-480x480.jpg 480w\" sizes=\"(min-width: 0px) and (max-width: 480px) 480px, (min-width: 481px) 800px, 100vw\" class=\"wp-image-58\" \/><\/span><\/div>\n<\/div>\n<\/div>\n\n<div class=\"et_pb_row_3 et_pb_row et_flex_row\">\n<div class=\"et_pb_column_8 et_pb_column et_flex_column et_pb_css_mix_blend_mode_passthrough et_flex_column_24_24 et_flex_column_24_24_tablet et_flex_column_24_24_phone\">\n<div class=\"et_pb_image_3 et_pb_image et_pb_module et_flex_module preset--module--divi-image--default\"><span class=\"et_pb_image_wrap\"><img loading=\"lazy\" decoding=\"async\" src=\"https:\/\/dedicat-imm.ro\/wp-content\/uploads\/2026\/04\/new-portrait-5-800x800-1-800x800.jpg\" title=\"new-portrait-5-800x800-1-800x800\" width=\"800\" height=\"800\" srcset=\"https:\/\/dedicat-imm.ro\/wp-content\/uploads\/2026\/04\/new-portrait-5-800x800-1-800x800.jpg 800w, https:\/\/dedicat-imm.ro\/wp-content\/uploads\/2026\/04\/new-portrait-5-800x800-1-800x800-480x480.jpg 480w\" sizes=\"(min-width: 0px) and (max-width: 480px) 480px, (min-width: 481px) 800px, 100vw\" class=\"wp-image-22\" \/><\/span><\/div>\n<\/div>\n\n<div class=\"et_pb_column_9 et_pb_column et_flex_column et_pb_css_mix_blend_mode_passthrough et_flex_column_24_24 et_flex_column_24_24_tablet et_flex_column_24_24_phone\">\n<div class=\"et_pb_image_4 et_pb_image et_pb_module et_flex_module preset--module--divi-image--default\"><span class=\"et_pb_image_wrap\"><img loading=\"lazy\" decoding=\"async\" src=\"https:\/\/dedicat-imm.ro\/wp-content\/uploads\/2026\/04\/new-portrait-10-800x800-1-800x800.jpg\" title=\"new-portrait-10-800x800-1-800x800\" width=\"800\" height=\"800\" srcset=\"https:\/\/dedicat-imm.ro\/wp-content\/uploads\/2026\/04\/new-portrait-10-800x800-1-800x800.jpg 800w, https:\/\/dedicat-imm.ro\/wp-content\/uploads\/2026\/04\/new-portrait-10-800x800-1-800x800-480x480.jpg 480w\" sizes=\"(min-width: 0px) and (max-width: 480px) 480px, (min-width: 481px) 800px, 100vw\" class=\"wp-image-60\" \/><\/span><\/div>\n<\/div>\n\n<div class=\"et_pb_column_10 et_pb_column et-last-child et_flex_column et_pb_css_mix_blend_mode_passthrough et_flex_column_24_24 et_flex_column_24_24_tablet et_flex_column_24_24_phone\">\n<div class=\"et_pb_image_5 et_pb_image et_pb_module et_flex_module preset--module--divi-image--default\"><span class=\"et_pb_image_wrap\"><img loading=\"lazy\" decoding=\"async\" src=\"https:\/\/dedicat-imm.ro\/wp-content\/uploads\/2026\/04\/new-portrait-2-800x800-1-800x800.jpg\" title=\"new-portrait-2-800x800-1-800x800\" width=\"800\" height=\"800\" srcset=\"https:\/\/dedicat-imm.ro\/wp-content\/uploads\/2026\/04\/new-portrait-2-800x800-1-800x800.jpg 800w, https:\/\/dedicat-imm.ro\/wp-content\/uploads\/2026\/04\/new-portrait-2-800x800-1-800x800-480x480.jpg 480w\" sizes=\"(min-width: 0px) and (max-width: 480px) 480px, (min-width: 481px) 800px, 100vw\" class=\"wp-image-26\" \/><\/span><\/div>\n<\/div>\n<\/div>\n<\/div>\n\n<div class=\"et_pb_section_3 et_pb_section et_section_regular et_block_section\">\n<div class=\"et_pb_row_4 et_pb_row et_block_row\">\n<div class=\"et_pb_column_11 et_pb_column et_pb_column_1_2 et_block_column et_pb_css_mix_blend_mode_passthrough\">\n<div class=\"et_pb_heading_2 et_pb_heading et_pb_module et_block_module preset--module--divi-heading--default\"><div class=\"et_pb_heading_container\"><h2 class=\"et_pb_module_header\">Despre Noi<\/h2><\/div><\/div>\n\n<div class=\"et_pb_text_2 et_pb_text et_pb_bg_layout_light et_pb_module et_block_module preset--module--divi-text--default\"><div class=\"et_pb_text_inner\"><p>Dedicat-IMM.ro este un hub dedicat conect\u0103rii exper\u021bilor cu organiza\u021biile care caut\u0103 s\u0103 implementeze \u0219i s\u0103 men\u021bin\u0103 bune practici \u00een activitatea lor. Misiunea noastr\u0103 este de a oferi o platform\u0103 unde profesioni\u0219tii cu experien\u021b\u0103 pot \u00eemp\u0103rt\u0103\u0219i cuno\u0219tin\u021bele lor valoroase, contribuind astfel la cre\u0219terea \u0219i dezvoltarea sustenabil\u0103 a afacerilor. Ne angaj\u0103m s\u0103 fim un partener de \u00eencredere pentru antreprenori, oferind solu\u021bii personalizate \u0219i suport continuu.<\/p>\n<\/div><\/div>\n\n<div class=\"et_pb_module et_pb_button_module_wrapper et_pb_button_2_wrapper preset--module--divi-button--default_wrapper\"><a class=\"et_pb_button_2 et_pb_button et_pb_bg_layout_light et_pb_module et_block_module preset--module--divi-button--default\" href=\"\">Cite\u0219te Mai Mult<\/a><\/div>\n<\/div>\n\n<div class=\"et_pb_column_12 et_pb_column et_pb_column_1_2 et-last-child et_block_column et_pb_css_mix_blend_mode_passthrough\">\n<div class=\"et_pb_image_6 et_pb_image et_pb_module et_block_module preset--module--divi-image--default\"><span class=\"et_pb_image_wrap\"><img loading=\"lazy\" decoding=\"async\" src=\"https:\/\/dedicat-imm.ro\/wp-content\/uploads\/2026\/04\/DEDICAT-IMM-sigla-2020.jpg\" title=\"DEDICAT-IMM-sigla-2020\" width=\"624\" height=\"624\" srcset=\"https:\/\/dedicat-imm.ro\/wp-content\/uploads\/2026\/04\/DEDICAT-IMM-sigla-2020.jpg 624w, https:\/\/dedicat-imm.ro\/wp-content\/uploads\/2026\/04\/DEDICAT-IMM-sigla-2020-480x480.jpg 480w\" sizes=\"(min-width: 0px) and (max-width: 480px) 480px, (min-width: 481px) 624px, 100vw\" class=\"wp-image-8\" \/><\/span><\/div>\n<\/div>\n<\/div>\n<\/div>","protected":false},"excerpt":{"rendered":"","protected":false},"author":1,"featured_media":0,"parent":0,"menu_order":0,"comment_status":"closed","ping_status":"closed","template":"","meta":{"footnotes":""},"class_list":["post-9","page","type-page","status-publish","hentry"],"_links":{"self":[{"href":"https:\/\/dedicat-imm.ro\/index.php\/wp-json\/wp\/v2\/pages\/9","targetHints":{"allow":["GET"]}}],"collection":[{"href":"https:\/\/dedicat-imm.ro\/index.php\/wp-json\/wp\/v2\/pages"}],"about":[{"href":"https:\/\/dedicat-imm.ro\/index.php\/wp-json\/wp\/v2\/types\/page"}],"author":[{"embeddable":true,"href":"https:\/\/dedicat-imm.ro\/index.php\/wp-json\/wp\/v2\/users\/1"}],"replies":[{"embeddable":true,"href":"https:\/\/dedicat-imm.ro\/index.php\/wp-json\/wp\/v2\/comments?post=9"}],"version-history":[{"count":10,"href":"https:\/\/dedicat-imm.ro\/index.php\/wp-json\/wp\/v2\/pages\/9\/revisions"}],"predecessor-version":[{"id":139,"href":"https:\/\/dedicat-imm.ro\/index.php\/wp-json\/wp\/v2\/pages\/9\/revisions\/139"}],"wp:attachment":[{"href":"https:\/\/dedicat-imm.ro\/index.php\/wp-json\/wp\/v2\/media?parent=9"}],"curies":[{"name":"wp","href":"https:\/\/api.w.org\/{rel}","templated":true}]}}